{"id":420,"date":"2026-03-12T23:26:10","date_gmt":"2026-03-12T22:26:10","guid":{"rendered":"https:\/\/wordpress2462172.home.pl\/autoinstalator\/wordpressplus\/?page_id=420"},"modified":"2026-04-03T21:25:03","modified_gmt":"2026-04-03T19:25:03","slug":"elementor-page-420","status":"publish","type":"page","link":"https:\/\/geoecom.pl\/index.php\/elementor-page-420\/","title":{"rendered":"kontakt"},"content":{"rendered":"\t\t<div data-elementor-type=\"wp-page\" data-elementor-id=\"420\" class=\"elementor elementor-420\" data-elementor-post-type=\"page\">\n\t\t\t\t<div class=\"elementor-element elementor-element-73bbd3d e-flex e-con-boxed e-con e-parent\" data-id=\"73bbd3d\" data-element_type=\"container\">\n\t\t\t\t\t<div class=\"e-con-inner\">\n\t\t\t\t<div class=\"elementor-element elementor-element-73753c1 elementor-widget elementor-widget-spacer\" data-id=\"73753c1\" data-element_type=\"widget\" data-widget_type=\"spacer.default\">\n\t\t\t\t\t\t\t<div class=\"elementor-spacer\">\n\t\t\t<div class=\"elementor-spacer-inner\"><\/div>\n\t\t<\/div>\n\t\t\t\t\t\t<\/div>\n\t\t\t\t\t<\/div>\n\t\t\t\t<\/div>\n\t\t<div class=\"elementor-element elementor-element-a2182a7 e-flex e-con-boxed e-con e-parent\" data-id=\"a2182a7\" data-element_type=\"container\">\n\t\t\t\t\t<div class=\"e-con-inner\">\n\t\t\t\t<div class=\"elementor-element elementor-element-cb12b57 elementor-widget elementor-widget-heading\" data-id=\"cb12b57\" data-element_type=\"widget\" data-widget_type=\"heading.default\">\n\t\t\t\t\t<h2 class=\"elementor-heading-title elementor-size-default\">Zaproponuj termin spotkania<\/h2>\t\t\t\t<\/div>\n\t\t\t\t<div class=\"elementor-element elementor-element-3d4a574 elementor-widget elementor-widget-spacer\" data-id=\"3d4a574\" data-element_type=\"widget\" data-widget_type=\"spacer.default\">\n\t\t\t\t\t\t\t<div class=\"elementor-spacer\">\n\t\t\t<div class=\"elementor-spacer-inner\"><\/div>\n\t\t<\/div>\n\t\t\t\t\t\t<\/div>\n\t\t\t\t\t<\/div>\n\t\t\t\t<\/div>\n\t\t<div class=\"elementor-element elementor-element-3c22648 e-flex e-con-boxed e-con e-parent\" data-id=\"3c22648\" data-element_type=\"container\">\n\t\t\t\t\t<div class=\"e-con-inner\">\n\t\t\t\t<div class=\"elementor-element elementor-element-ee3eb54 elementor-widget elementor-widget-text-editor\" data-id=\"ee3eb54\" data-element_type=\"widget\" data-widget_type=\"text-editor.default\">\n\t\t\t\t\t\t\t\t\t<p>Najlepiej porozmawia\u0107 o problemach przestrzennych. A jeszcze lepiej z map\u0105. Zaproponuj termin rozmowy a sprawdzimy kalendarze i odezwiemy si\u0119 z propozycja telekonferencji.\u00a0<\/p>\t\t\t\t\t\t\t\t<\/div>\n\t\t\t\t\t<\/div>\n\t\t\t\t<\/div>\n\t\t<div class=\"elementor-element elementor-element-f5fdb37 e-flex e-con-boxed e-con e-parent\" data-id=\"f5fdb37\" data-element_type=\"container\">\n\t\t\t\t\t<div class=\"e-con-inner\">\n\t\t<div class=\"elementor-element elementor-element-13c50e0 e-con-full e-flex e-con e-child\" data-id=\"13c50e0\" data-element_type=\"container\">\n\t\t\t\t<div class=\"elementor-element elementor-element-293a22e elementor-widget__width-initial elementor-button-align-stretch elementor-widget elementor-widget-form\" data-id=\"293a22e\" data-element_type=\"widget\" data-settings=\"{&quot;step_next_label&quot;:&quot;Next&quot;,&quot;step_previous_label&quot;:&quot;Previous&quot;,&quot;step_icon_shape&quot;:&quot;square&quot;,&quot;_animation&quot;:&quot;none&quot;,&quot;button_width&quot;:&quot;100&quot;,&quot;step_type&quot;:&quot;number_text&quot;}\" data-widget_type=\"form.default\">\n\t\t\t\t\t\t\t<form class=\"elementor-form\" method=\"post\" name=\"kontakt_form\" aria-label=\"kontakt_form\">\n\t\t\t<input type=\"hidden\" name=\"post_id\" value=\"420\"\/>\n\t\t\t<input type=\"hidden\" name=\"form_id\" value=\"293a22e\"\/>\n\t\t\t<input type=\"hidden\" name=\"referer_title\" value=\"\" \/>\n\n\t\t\t\n\t\t\t<div class=\"elementor-form-fields-wrapper elementor-labels-above\">\n\t\t\t\t\t\t\t\t<div class=\"elementor-field-type-text elementor-field-group elementor-column elementor-field-group-name elementor-col-50\">\n\t\t\t\t\t\t\t\t\t\t\t\t<label for=\"form-field-name\" class=\"elementor-field-label\">\n\t\t\t\t\t\t\t\tDane osobowe\t\t\t\t\t\t\t<\/label>\n\t\t\t\t\t\t\t\t\t\t\t\t\t\t<input size=\"1\" type=\"text\" name=\"form_fields[name]\" id=\"form-field-name\" class=\"elementor-field elementor-size-sm  elementor-field-textual\" placeholder=\"Imi\u0119 i Nazwisko\">\n\t\t\t\t\t\t\t\t\t\t\t<\/div>\n\t\t\t\t\t\t\t\t<div class=\"elementor-field-type-email elementor-field-group elementor-column elementor-field-group-email elementor-col-50 elementor-field-required\">\n\t\t\t\t\t\t\t\t\t\t\t\t<label for=\"form-field-email\" class=\"elementor-field-label\">\n\t\t\t\t\t\t\t\tEmail\t\t\t\t\t\t\t<\/label>\n\t\t\t\t\t\t\t\t\t\t\t\t\t\t<input size=\"1\" type=\"email\" name=\"form_fields[email]\" id=\"form-field-email\" class=\"elementor-field elementor-size-sm  elementor-field-textual\" placeholder=\"Email@email.com\" required=\"required\">\n\t\t\t\t\t\t\t\t\t\t\t<\/div>\n\t\t\t\t\t\t\t\t<div class=\"elementor-field-type-textarea elementor-field-group elementor-column elementor-field-group-message elementor-col-100\">\n\t\t\t\t\t\t\t\t\t\t\t\t<label for=\"form-field-message\" class=\"elementor-field-label\">\n\t\t\t\t\t\t\t\tOpis problemu\t\t\t\t\t\t\t<\/label>\n\t\t\t\t\t\t<textarea class=\"elementor-field-textual elementor-field  elementor-size-sm\" name=\"form_fields[message]\" id=\"form-field-message\" rows=\"6\" placeholder=\"Opisz problem, podaj numer dzia\u0142ki, daj mi szans\u0119 si\u0119 przygotowa\u0107 do rozmowy.\"><\/textarea>\t\t\t\t<\/div>\n\t\t\t\t\t\t\t\t<div class=\"elementor-field-type-date elementor-field-group elementor-column elementor-field-group-field_31cd570 elementor-col-50\">\n\t\t\t\t\t\t\t\t\t\t\t\t<label for=\"form-field-field_31cd570\" class=\"elementor-field-label\">\n\t\t\t\t\t\t\t\tZaproponuj dzie\u0144 spotkania\t\t\t\t\t\t\t<\/label>\n\t\t\t\t\t\t\n\t\t<input type=\"date\" name=\"form_fields[field_31cd570]\" id=\"form-field-field_31cd570\" class=\"elementor-field elementor-size-sm  elementor-field-textual elementor-date-field\" placeholder=\"2026-03-12\" pattern=\"[0-9]{4}-[0-9]{2}-[0-9]{2}\">\n\t\t\t\t\t\t<\/div>\n\t\t\t\t\t\t\t\t<div class=\"elementor-field-type-time elementor-field-group elementor-column elementor-field-group-field_8c30fc8 elementor-col-50\">\n\t\t\t\t\t\t\t\t\t\t\t\t<label for=\"form-field-field_8c30fc8\" class=\"elementor-field-label\">\n\t\t\t\t\t\t\t\tPodaj godzin\u0119 \t\t\t\t\t\t\t<\/label>\n\t\t\t\t\t\t\t\t<input type=\"time\" name=\"form_fields[field_8c30fc8]\" id=\"form-field-field_8c30fc8\" class=\"elementor-field elementor-size-sm  elementor-field-textual elementor-time-field\" placeholder=\"12:00\">\n\t\t\t\t\t\t<\/div>\n\t\t\t\t\t\t\t\t<div class=\"elementor-field-group elementor-column elementor-field-type-submit elementor-col-100 e-form__buttons\">\n\t\t\t\t\t<button class=\"elementor-button elementor-size-sm\" type=\"submit\">\n\t\t\t\t\t\t<span class=\"elementor-button-content-wrapper\">\n\t\t\t\t\t\t\t\t\t\t\t\t\t\t\t\t\t\t\t\t\t\t<span class=\"elementor-button-text\">Wy\u015blij <\/span>\n\t\t\t\t\t\t\t\t\t\t\t\t\t<\/span>\n\t\t\t\t\t<\/button>\n\t\t\t\t<\/div>\n\t\t\t<\/div>\n\t\t<\/form>\n\t\t\t\t\t\t<\/div>\n\t\t\t\t<\/div>\n\t\t<div class=\"elementor-element elementor-element-5da1d37 e-con-full e-flex e-con e-child\" data-id=\"5da1d37\" data-element_type=\"container\">\n\t\t\t\t<div class=\"elementor-element elementor-element-5b849e8 elementor-widget elementor-widget-image\" data-id=\"5b849e8\" data-element_type=\"widget\" data-widget_type=\"image.default\">\n\t\t\t\t\t\t\t\t\t\t\t\t\t\t\t<img fetchpriority=\"high\" decoding=\"async\" width=\"768\" height=\"512\" src=\"https:\/\/geoecom.pl\/wp-content\/uploads\/2026\/04\/JAKUB_MAKAREWICZ-0006-768x512.jpg\" class=\"attachment-medium_large size-medium_large wp-image-592\" alt=\"\" srcset=\"https:\/\/geoecom.pl\/wp-content\/uploads\/2026\/04\/JAKUB_MAKAREWICZ-0006-768x512.jpg 768w, https:\/\/geoecom.pl\/wp-content\/uploads\/2026\/04\/JAKUB_MAKAREWICZ-0006-300x200.jpg 300w, https:\/\/geoecom.pl\/wp-content\/uploads\/2026\/04\/JAKUB_MAKAREWICZ-0006-1024x683.jpg 1024w, https:\/\/geoecom.pl\/wp-content\/uploads\/2026\/04\/JAKUB_MAKAREWICZ-0006-1536x1024.jpg 1536w, https:\/\/geoecom.pl\/wp-content\/uploads\/2026\/04\/JAKUB_MAKAREWICZ-0006-2048x1365.jpg 2048w\" sizes=\"(max-width: 768px) 100vw, 768px\" \/>\t\t\t\t\t\t\t\t\t\t\t\t\t\t\t<\/div>\n\t\t\t\t<\/div>\n\t\t\t\t\t<\/div>\n\t\t\t\t<\/div>\n\t\t<div class=\"elementor-element elementor-element-de9d909 e-flex e-con-boxed e-con e-parent\" data-id=\"de9d909\" data-element_type=\"container\">\n\t\t\t\t\t<div class=\"e-con-inner\">\n\t\t\t\t<div class=\"elementor-element elementor-element-3383f9a elementor-widget elementor-widget-heading\" data-id=\"3383f9a\" data-element_type=\"widget\" data-widget_type=\"heading.default\">\n\t\t\t\t\t<h2 class=\"elementor-heading-title elementor-size-default\">Do us\u0142yszenia<\/h2>\t\t\t\t<\/div>\n\t\t\t\t\t<\/div>\n\t\t\t\t<\/div>\n\t\t\t\t<\/div>\n\t\t","protected":false},"excerpt":{"rendered":"<p>Zaproponuj termin spotkania Najlepiej porozmawia\u0107 o problemach przestrzennych. A jeszcze lepiej z map\u0105. Zaproponuj termin rozmowy a sprawdzimy kalendarze i odezwiemy si\u0119 z propozycja telekonferencji.\u00a0 Do us\u0142yszenia<\/p>\n","protected":false},"author":1,"featured_media":0,"parent":0,"menu_order":0,"comment_status":"closed","ping_status":"closed","template":"","meta":{"footnotes":""},"class_list":["post-420","page","type-page","status-publish","hentry"],"_links":{"self":[{"href":"https:\/\/geoecom.pl\/index.php\/wp-json\/wp\/v2\/pages\/420","targetHints":{"allow":["GET"]}}],"collection":[{"href":"https:\/\/geoecom.pl\/index.php\/wp-json\/wp\/v2\/pages"}],"about":[{"href":"https:\/\/geoecom.pl\/index.php\/wp-json\/wp\/v2\/types\/page"}],"author":[{"embeddable":true,"href":"https:\/\/geoecom.pl\/index.php\/wp-json\/wp\/v2\/users\/1"}],"replies":[{"embeddable":true,"href":"https:\/\/geoecom.pl\/index.php\/wp-json\/wp\/v2\/comments?post=420"}],"version-history":[{"count":32,"href":"https:\/\/geoecom.pl\/index.php\/wp-json\/wp\/v2\/pages\/420\/revisions"}],"predecessor-version":[{"id":595,"href":"https:\/\/geoecom.pl\/index.php\/wp-json\/wp\/v2\/pages\/420\/revisions\/595"}],"wp:attachment":[{"href":"https:\/\/geoecom.pl\/index.php\/wp-json\/wp\/v2\/media?parent=420"}],"curies":[{"name":"wp","href":"https:\/\/api.w.org\/{rel}","templated":true}]}}